{"id":10,"date":"2012-03-07T13:20:28","date_gmt":"2012-03-07T13:20:28","guid":{"rendered":"http:\/\/ibape-nacional.webluz.net.br\/site\/?page_id=10"},"modified":"2026-01-23T17:04:48","modified_gmt":"2026-01-23T20:04:48","slug":"diretoria","status":"publish","type":"page","link":"https:\/\/ibape-nacional.com.br\/site\/diretoria\/","title":{"rendered":"Diretoria"},"content":{"rendered":"<p><span style=\"text-decoration: underline;\"><strong>Diretoria Executiva Gest\u00e3o 2026\/2027<\/strong><\/span><\/p>\n<p><strong>Presidente:<\/strong> Eng.\u00aa Civil Andrea C Kl\u00fcppel Munhoz Soares<\/p>\n<p><strong>Vice-Presidente Administrativo- Financeiro:<\/strong> Eng. Civil\/Produ\u00e7\u00e3o Igor Almeida Fassarella<br \/>\nDiretor Tesoureiro: Eng. Civil Luiz Henrique Cappellano<br \/>\nDiretor Administrativo: Eng. Civil Hugo Aquino<br \/>\nDiretor Jur\u00eddico: Eng. Civil e de Seguran\u00e7a do Trabalho e Bacharel em Direito Aur\u00e9lio Jos\u00e9 Lara<\/p>\n<p><strong>Vice-Presidente T\u00e9cnico:<\/strong> Antonio Carlos Dolacio<br \/>\nDiretora de Ensino: Arquiteta e Urbanista Geovana Chaves Lisboa Saliba<br \/>\nDiretora de Normas e Publica\u00e7\u00f5es: Arquiteta e Urbanista Adriana Roxo Nunes de Oliveira<br \/>\nDiretora de Eventos: Eng.\u00aa Civil Camila Moreira Callegari<\/p>\n<p><strong>Vice-Presidente de Rela\u00e7\u00f5es Institucionais:<\/strong> Eng. Civil Tercio Cesar de Queiroz Filho<br \/>\nDiretora de Rela\u00e7\u00f5es com os Sistemas CONFEA\/CREA\/M\u00daTUA e CAU: Eng. Civil Andr\u00e9 Tavares<br \/>\nDiretor de Rela\u00e7\u00f5es com Tribunais e Advocacia: Eng. Civil Eduardo Vaz de Mello<br \/>\nDiretor de Rela\u00e7\u00f5es Internacionais: Eng. Civil Eduardo Rottmann<br \/>\nDiretor de Assessoria Parlamentar: Eng. Civil Lamartine Moreira J\u00fanior<\/p>\n<p><strong>Vice-Presidente de Comunica\u00e7\u00e3o e Marketing:<\/strong> Eng.\u00aa Civil Patricia Bertotto<br \/>\nDiretora de Valoriza\u00e7\u00e3o Profissional: Eng.\u00aa Civil Andr\u00e9a de Medeiros Leal<br \/>\nDiretor de Marketing: Eng. Civil Gabriel Guimar\u00e3es Aragon<br \/>\nDiretora de Divulga\u00e7\u00e3o T\u00e9cnica: Arquiteta e Urbanista Simone Feigelson Deutsch<\/p>\n<p><strong>Vice-Presidente de Rela\u00e7\u00f5es com as Filiadas:<\/strong> Eng. Civil Darkson de Meirelles Fonseca Junior<br \/>\nDiretor de Conv\u00eanios Institucionais: Eng. Civil Jefferson Luiz Alves Marinho<br \/>\nDiretor de Capta\u00e7\u00e3o de Recursos: Eng. Agr\u00f4nomo Arthur Guerra Paiva Avelar<br \/>\nDiretor de Certifica\u00e7\u00e3o: Eng. Mec\u00e2nico Agnaldo Calvi Benvenho<\/p>\n<p><strong>Conselho Fiscal<\/strong><br \/>\nMembro Efetivo: Eng. Civil Elcio Avelar Maia<br \/>\nMembro Efetivo: Eng. Civil Marcelo Cavalcanti<br \/>\nMembro Efetivo: Eng.\u00aa Civil Rita de C\u00e1ssia Almeida Rocha<br \/>\nMembro Suplente: Eng.\u00aa Civil Elba Roberta Luciano Souza<br \/>\nMembro Suplente: Eng.\u00aa Civil Virginia Maria Fernandes Ribeiro Nunes Freire<br \/>\nMembro Suplente: Eng.\u00aa Civil Ana Camara Jatahy<\/p>\n<p>&nbsp;<\/p>\n<p>&nbsp;<\/p>\n","protected":false},"excerpt":{"rendered":"<p>Diretoria Executiva Gest\u00e3o 2026\/2027 Presidente: Eng.\u00aa Civil Andrea C Kl\u00fcppel Munhoz Soares Vice-Presidente Administrativo- Financeiro: Eng. Civil\/Produ\u00e7\u00e3o Igor Almeida Fassarella Diretor Tesoureiro: Eng. Civil Luiz Henrique Cappellano Diretor Administrativo: Eng. Civil Hugo Aquino Diretor Jur\u00eddico: Eng. Civil e de Seguran\u00e7a do Trabalho e Bacharel em Direito Aur\u00e9lio Jos\u00e9 Lara Vice-Presidente T\u00e9cnico: Antonio Carlos Dolacio Diretora [&hellip;]<\/p>\n","protected":false},"author":293,"featured_media":0,"parent":0,"menu_order":0,"comment_status":"open","ping_status":"open","template":"page-institucional.php","meta":{"_joinchat":[],"footnotes":""},"class_list":["post-10","page","type-page","status-publish","hentry"],"acf":[],"_links":{"self":[{"href":"https:\/\/ibape-nacional.com.br\/site\/wp-json\/wp\/v2\/pages\/10","targetHints":{"allow":["GET"]}}],"collection":[{"href":"https:\/\/ibape-nacional.com.br\/site\/wp-json\/wp\/v2\/pages"}],"about":[{"href":"https:\/\/ibape-nacional.com.br\/site\/wp-json\/wp\/v2\/types\/page"}],"author":[{"embeddable":true,"href":"https:\/\/ibape-nacional.com.br\/site\/wp-json\/wp\/v2\/users\/293"}],"replies":[{"embeddable":true,"href":"https:\/\/ibape-nacional.com.br\/site\/wp-json\/wp\/v2\/comments?post=10"}],"version-history":[{"count":11,"href":"https:\/\/ibape-nacional.com.br\/site\/wp-json\/wp\/v2\/pages\/10\/revisions"}],"predecessor-version":[{"id":18741,"href":"https:\/\/ibape-nacional.com.br\/site\/wp-json\/wp\/v2\/pages\/10\/revisions\/18741"}],"wp:attachment":[{"href":"https:\/\/ibape-nacional.com.br\/site\/wp-json\/wp\/v2\/media?parent=10"}],"curies":[{"name":"wp","href":"https:\/\/api.w.org\/{rel}","templated":true}]}}