{"id":10305,"date":"2020-04-21T15:00:43","date_gmt":"2020-04-21T18:00:43","guid":{"rendered":"https:\/\/ibape-nacional.com.br\/site\/?page_id=10305"},"modified":"2020-06-19T09:27:41","modified_gmt":"2020-06-19T12:27:41","slug":"home","status":"publish","type":"page","link":"https:\/\/ibape-nacional.com.br\/site\/","title":{"rendered":"Home"},"content":{"rendered":"<p>Instituto Brasileiro de Avalia\u00e7\u00f5es e Per\u00edcias de Engenharia \u00e9 uma associa\u00e7\u00e3o de \u00c2mbito Federativo Nacional que tem como miss\u00e3o representar em n\u00edvel nacional e internacional os melhores Institutos de Avalia\u00e7\u00f5es e Per\u00edcias de Engenharia do Brasil<\/p>\n","protected":false},"excerpt":{"rendered":"<p>Instituto Brasileiro de Avalia\u00e7\u00f5es e Per\u00edcias de Engenharia \u00e9 uma associa\u00e7\u00e3o de \u00c2mbito Federativo Nacional que tem como miss\u00e3o representar em n\u00edvel nacional e internacional os melhores Institutos de Avalia\u00e7\u00f5es e Per\u00edcias de Engenharia do Brasil<\/p>\n","protected":false},"author":293,"featured_media":0,"parent":0,"menu_order":0,"comment_status":"closed","ping_status":"closed","template":"","meta":{"_joinchat":[],"footnotes":""},"class_list":["post-10305","page","type-page","status-publish","hentry"],"acf":[],"_links":{"self":[{"href":"https:\/\/ibape-nacional.com.br\/site\/wp-json\/wp\/v2\/pages\/10305","targetHints":{"allow":["GET"]}}],"collection":[{"href":"https:\/\/ibape-nacional.com.br\/site\/wp-json\/wp\/v2\/pages"}],"about":[{"href":"https:\/\/ibape-nacional.com.br\/site\/wp-json\/wp\/v2\/types\/page"}],"author":[{"embeddable":true,"href":"https:\/\/ibape-nacional.com.br\/site\/wp-json\/wp\/v2\/users\/293"}],"replies":[{"embeddable":true,"href":"https:\/\/ibape-nacional.com.br\/site\/wp-json\/wp\/v2\/comments?post=10305"}],"version-history":[{"count":0,"href":"https:\/\/ibape-nacional.com.br\/site\/wp-json\/wp\/v2\/pages\/10305\/revisions"}],"wp:attachment":[{"href":"https:\/\/ibape-nacional.com.br\/site\/wp-json\/wp\/v2\/media?parent=10305"}],"curies":[{"name":"wp","href":"https:\/\/api.w.org\/{rel}","templated":true}]}}