{"id":11795,"date":"2020-08-18T15:14:18","date_gmt":"2020-08-18T18:14:18","guid":{"rendered":"https:\/\/ibape-nacional.com.br\/site\/?page_id=11795"},"modified":"2024-04-03T11:01:26","modified_gmt":"2024-04-03T14:01:26","slug":"teste","status":"publish","type":"page","link":"https:\/\/ibape-nacional.com.br\/site\/teste\/","title":{"rendered":"Teste"},"content":{"rendered":"\n<div class=\"wpcf7 no-js\" id=\"wpcf7-f16544-o1\" lang=\"pt-BR\" dir=\"ltr\" data-wpcf7-id=\"16544\">\n<div class=\"screen-reader-response\"><p role=\"status\" aria-live=\"polite\" aria-atomic=\"true\"><\/p> <ul><\/ul><\/div>\n<form action=\"\/site\/wp-json\/wp\/v2\/pages\/11795#wpcf7-f16544-o1\" method=\"post\" class=\"wpcf7-form init\" aria-label=\"Formul\u00e1rios de contato\" novalidate=\"novalidate\" data-status=\"init\">\n<fieldset class=\"hidden-fields-container\"><input type=\"hidden\" name=\"_wpcf7\" value=\"16544\" \/><input type=\"hidden\" name=\"_wpcf7_version\" value=\"6.1.5\" \/><input type=\"hidden\" name=\"_wpcf7_locale\" value=\"pt_BR\" \/><input type=\"hidden\" name=\"_wpcf7_unit_tag\" value=\"wpcf7-f16544-o1\" \/><input type=\"hidden\" name=\"_wpcf7_container_post\" value=\"0\" \/><input type=\"hidden\" name=\"_wpcf7_posted_data_hash\" value=\"\" \/>\n<\/fieldset>\n<div id=\"form-simplificado\">\n\t<div class=\"input-group\">\n\t\t<div id=\"input-nome\">\n\t\t\t<p><span class=\"obrigatorio\">*<\/span> Nome Completo<br \/>\n<span style=\"color:red\">(Aten\u00e7\u00e3o a forma como voc\u00ea escrever seu nome \u00e9 como ela estar\u00e1 em seu crach\u00e1 e certificado, fique atento ao uso de mai\u00fasculas\/abrevia\u00e7\u00f5es):<\/span><br \/>\n<span class=\"wpcf7-form-control-wrap\" data-name=\"input-nome\"><input size=\"40\" maxlength=\"400\" class=\"wpcf7-form-control wpcf7-text wpcf7-validates-as-required input-nome\" aria-required=\"true\" aria-invalid=\"false\" value=\"\" type=\"text\" name=\"input-nome\" \/><\/span>\n\t\t\t<\/p>\n\t\t<\/div>\n\t<\/div>\n\t<div class=\"input-group\">\n\t\t<div id=\"input-identificacao\">\n\t\t\t<p><span class=\"obrigatorio\">*<\/span> CPF:<br \/>\n<span class=\"wpcf7-form-control-wrap\" data-name=\"input-identificacao\"><input size=\"40\" maxlength=\"400\" class=\"wpcf7-form-control wpcf7-text wpcf7-validates-as-required identificacao\" aria-required=\"true\" aria-invalid=\"false\" value=\"\" type=\"text\" name=\"input-identificacao\" \/><\/span>\n\t\t\t<\/p>\n\t\t<\/div>\n\t\t<div id=\"input-tel-celular\">\n\t\t\t<p><span class=\"obrigatorio\">*<\/span> Telefone Celular:<br \/>\n<span class=\"wpcf7-form-control-wrap\" data-name=\"input-tel-celular\"><input size=\"40\" maxlength=\"400\" class=\"wpcf7-form-control wpcf7-tel wpcf7-validates-as-required wpcf7-text wpcf7-validates-as-tel tel input-celular\" aria-required=\"true\" aria-invalid=\"false\" value=\"\" type=\"tel\" name=\"input-tel-celular\" \/><\/span>\n\t\t\t<\/p>\n\t\t<\/div>\n\t<\/div>\n\t<div class=\"input-group\">\n\t\t<div id=\"input-email\">\n\t\t\t<p><span class=\"obrigatorio\">*<\/span> E-mail:<br \/>\n<span class=\"wpcf7-form-control-wrap\" data-name=\"input-email\"><input size=\"40\" maxlength=\"400\" class=\"wpcf7-form-control wpcf7-email wpcf7-validates-as-required wpcf7-text wpcf7-validates-as-email input-email\" aria-required=\"true\" aria-invalid=\"false\" value=\"\" type=\"email\" name=\"input-email\" \/><\/span>\n\t\t\t<\/p>\n\t\t<\/div>\n\t\t<div id=\"input-estado\">\n\t\t\t<p><span class=\"obrigatorio\">*<\/span> Estado\/UF:<br \/>\n<span class=\"wpcf7-form-control-wrap\" data-name=\"input-estado\"><select class=\"wpcf7-form-control wpcf7-select wpcf7-validates-as-required input-crea-cau-uf\" aria-required=\"true\" aria-invalid=\"false\" name=\"input-estado\"><option value=\"\">Selecione seu estado...<\/option><option value=\"AC\">AC<\/option><option value=\"AL\">AL<\/option><option value=\"AM\">AM<\/option><option value=\"AP\">AP<\/option><option value=\"BA\">BA<\/option><option value=\"CE\">CE<\/option><option value=\"DF\">DF<\/option><option value=\"ES\">ES<\/option><option value=\"GO\">GO<\/option><option value=\"MA\">MA<\/option><option value=\"MG\">MG<\/option><option value=\"MS\">MS<\/option><option value=\"MT\">MT<\/option><option value=\"PA\">PA<\/option><option value=\"PB\">PB<\/option><option value=\"PE\">PE<\/option><option value=\"PI\">PI<\/option><option value=\"PR\">PR<\/option><option value=\"RJ\">RJ<\/option><option value=\"RN\">RN<\/option><option value=\"RO\">RO<\/option><option value=\"RR\">RR<\/option><option value=\"RS\">RS<\/option><option value=\"SC\">SC<\/option><option value=\"SE\">SE<\/option><option value=\"SP\">SP<\/option><option value=\"TO\">TO<\/option><\/select><\/span>\n\t\t\t<\/p>\n\t\t<\/div>\n\t<\/div>\n\t<div class=\"input-group\">\n\t\t<div id=\"input-associado\">\n\t\t\t<p><span class=\"obrigatorio\">*<\/span> \u00c9 associado do IBAPE?<br \/>\n<span class=\"wpcf7-form-control-wrap\" data-name=\"input-associado\"><span class=\"wpcf7-form-control wpcf7-radio input-associado\"><span class=\"wpcf7-list-item first\"><input type=\"radio\" name=\"input-associado\" value=\"Sim\" \/><span class=\"wpcf7-list-item-label\">Sim<\/span><\/span><span class=\"wpcf7-list-item last\"><input type=\"radio\" name=\"input-associado\" value=\"N\u00e3o\" \/><span class=\"wpcf7-list-item-label\">N\u00e3o<\/span><\/span><\/span><\/span>\n\t\t\t<\/p>\n\t\t<\/div>\n\t\t<div id=\"input-ibape\">\n\t\t\t<p>Qual IBAPE?<br \/>\n<span class=\"wpcf7-form-control-wrap\" data-name=\"input-ibape\"><select class=\"wpcf7-form-control wpcf7-select input-crea-cau-uf\" aria-invalid=\"false\" name=\"input-ibape\"><option value=\"\">&#8212;Escolha uma op\u00e7\u00e3o&#8212;<\/option><option value=\"AC\">AC<\/option><option value=\"AL\">AL<\/option><option value=\"AM\">AM<\/option><option value=\"BA\">BA<\/option><option value=\"CE\">CE<\/option><option value=\"DF\">DF<\/option><option value=\"ES\">ES<\/option><option value=\"GO\">GO<\/option><option value=\"MA\">MA<\/option><option value=\"MT\">MT<\/option><option value=\"MS\">MS<\/option><option value=\"MG\">MG<\/option><option value=\"PA\">PA<\/option><option value=\"PB\">PB<\/option><option value=\"PR\">PR<\/option><option value=\"PE\">PE<\/option><option value=\"PI\">PI<\/option><option value=\"RJ\">RJ<\/option><option value=\"RN\">RN<\/option><option value=\"RS\">RS<\/option><option value=\"RO\">RO<\/option><option value=\"SC\">SC<\/option><option value=\"SP\">SP<\/option><option value=\"SE\">SE<\/option><\/select><\/span>\n\t\t\t<\/p>\n\t\t<\/div>\n\t<\/div>\n\t<div class=\"input-group\">\n\t\t<div id=\"input-profissao-categoria\">\n\t\t\t<p><span class=\"obrigatorio\">*<\/span> Categoria:<br \/>\n<span class=\"wpcf7-form-control-wrap\" data-name=\"input-formacao-categoria\"><select class=\"wpcf7-form-control wpcf7-select wpcf7-validates-as-required\" aria-required=\"true\" aria-invalid=\"false\" name=\"input-formacao-categoria\"><option value=\"\">Selecione...<\/option><option value=\"Estudante de Engenharia ou Arquitetura e Urbanismo\">Estudante de Engenharia ou Arquitetura e Urbanismo<\/option><option value=\"Engenharia\">Engenharia<\/option><option value=\"Arquitetura e Urbanismo\">Arquitetura e Urbanismo<\/option><option value=\"Outras profiss\u00f5es\">Outras profiss\u00f5es<\/option><\/select><\/span>\n\t\t\t<\/p>\n\t\t<\/div>\n\t\t<div id=\"input-profissao-categoria-outras\">\n\t\t\t<p>Outras<br \/>\n<span class=\"wpcf7-form-control-wrap\" data-name=\"input-formacao-categoria-outras\"><input size=\"40\" maxlength=\"400\" class=\"wpcf7-form-control wpcf7-text input-formacao-categoria-outros\" aria-invalid=\"false\" value=\"\" type=\"text\" name=\"input-formacao-categoria-outras\" \/><\/span>\n\t\t\t<\/p>\n\t\t<\/div>\n\t\t<div id=\"input-crea-cau-status\">\n\t\t\t<p><span class=\"obrigatorio\">*<\/span> Registro CREA\/CAU ativo?:<br \/>\n<span class=\"wpcf7-form-control-wrap\" data-name=\"input-crea-status\"><span class=\"wpcf7-form-control wpcf7-radio input-crea-cau-status\"><span class=\"wpcf7-list-item first\"><input type=\"radio\" name=\"input-crea-status\" value=\"Sim\" checked=\"checked\" \/><span class=\"wpcf7-list-item-label\">Sim<\/span><\/span><span class=\"wpcf7-list-item last\"><input type=\"radio\" name=\"input-crea-status\" value=\"N\u00e3o\" \/><span class=\"wpcf7-list-item-label\">N\u00e3o<\/span><\/span><\/span><\/span>\n\t\t\t<\/p>\n\t\t<\/div>\n\t<\/div>\n\t<div class=\"input-group\">\n\t\t<p style=\"font-weight: bold;\">Leia as informa\u00e7\u00f5es abaixo, e clique no bot\u00e3o para confirmar ci\u00eancia.\n\t\t<\/p>\n\t\t<div id=\"input-aceite\">\n\t\t\t<p><span class=\"wpcf7-form-control-wrap\" data-name=\"confirmacao-inscricao\"><span class=\"wpcf7-form-control wpcf7-checkbox wpcf7-validates-as-required\"><span class=\"wpcf7-list-item first last\"><input type=\"checkbox\" name=\"confirmacao-inscricao[]\" value=\"1\" \/><span class=\"wpcf7-list-item-label\">1<\/span><\/span><\/span><\/span> *A inscri\u00e7\u00e3o ser\u00e1 confirmada somente ap\u00f3s a efetiva\u00e7\u00e3o do pagamento.\n\t\t\t<\/p>\n\t\t\t<p><span class=\"wpcf7-form-control-wrap\" data-name=\"declaracao-universidade\"><span class=\"wpcf7-form-control wpcf7-checkbox wpcf7-validates-as-required\"><span class=\"wpcf7-list-item first last\"><input type=\"checkbox\" name=\"declaracao-universidade[]\" value=\"1\" \/><span class=\"wpcf7-list-item-label\">1<\/span><\/span><\/span><\/span> *O participante que for aluno dever\u00e1 enviar uma declara\u00e7\u00e3o da universidade com todos o seus dados, curso e semestre que est\u00e1 realizando para o e-mail secretaria@ibape-nacional.com.br.\n\t\t\t<\/p>\n\t\t\t<p><span class=\"wpcf7-form-control-wrap\" data-name=\"recebimento-certificado\"><span class=\"wpcf7-form-control wpcf7-checkbox wpcf7-validates-as-required\"><span class=\"wpcf7-list-item first last\"><input type=\"checkbox\" name=\"recebimento-certificado[]\" value=\"1\" \/><span class=\"wpcf7-list-item-label\">1<\/span><\/span><\/span><\/span> *O participante que for estudante, profissional n\u00e3o vinculado ao CREA \/ CAU ou que n\u00e3o possuir o registro ativo, n\u00e3o receber\u00e1 certificado de conclus\u00e3o e sim declara\u00e7\u00e3o.\n\t\t\t<\/p>\n\t\t\t<p><span class=\"wpcf7-form-control-wrap\" data-name=\"disponibilizacao-certificado\"><span class=\"wpcf7-form-control wpcf7-checkbox wpcf7-validates-as-required\"><span class=\"wpcf7-list-item first last\"><input type=\"checkbox\" name=\"disponibilizacao-certificado[]\" value=\"1\" \/><span class=\"wpcf7-list-item-label\">1<\/span><\/span><\/span><\/span> *Certificados\/declara\u00e7\u00f5es ser\u00e3o disponibilizados a partir de 10 dias \u00fateis ap\u00f3s a realiza\u00e7\u00e3o do evento, atrav\u00e9s de e-mail.\n\t\t\t<\/p>\n\t\t\t<p><span class=\"wpcf7-form-control-wrap\" data-name=\"reembolso-desistencia\"><span class=\"wpcf7-form-control wpcf7-checkbox wpcf7-validates-as-required\"><span class=\"wpcf7-list-item first last\"><input type=\"checkbox\" name=\"reembolso-desistencia[]\" value=\"1\" \/><span class=\"wpcf7-list-item-label\">1<\/span><\/span><\/span><\/span> *Para desist\u00eancia e devolu\u00e7\u00e3o do valor da inscri\u00e7\u00e3o, ser\u00e1 descontada taxa administrativa de 30% e o comunicado dever\u00e1 ser feito ao IBAPE no prazo m\u00e1ximo de 05 dias antes da data de realiza\u00e7\u00e3o do evento. A partir da data do evento, n\u00e3o haver\u00e1 devolu\u00e7\u00e3o de nenhum valor.\n\t\t\t<\/p>\n\t\t\t<p><span class=\"wpcf7-form-control-wrap\" data-name=\"minimo-participantes\"><span class=\"wpcf7-form-control wpcf7-checkbox wpcf7-validates-as-required\"><span class=\"wpcf7-list-item first last\"><input type=\"checkbox\" name=\"minimo-participantes[]\" value=\"1\" \/><span class=\"wpcf7-list-item-label\">1<\/span><\/span><\/span><\/span> *O IBAPE se reserva no direito de n\u00e3o ministrar o evento caso n\u00e3o tenha o n\u00famero m\u00ednimo de participantes, alterando a data de realiza\u00e7\u00e3o e neste caso, ser\u00e1 devolvido o valor integral pago.\n\t\t\t<\/p>\n\t\t<\/div>\n\t<\/div>\n\t<div class=\"form-group\">\n\t\t<div id=\"input-submit\">\n\t\t\t<p><input class=\"wpcf7-form-control wpcf7-submit has-spinner btnenviar\" type=\"submit\" value=\"ENVIAR\" \/>\n\t\t\t<\/p>\n\t\t<\/div>\n\t<\/div>\n<\/div>\n<style>\n #form-simplificado span.wpcf7-not-valid-tip-no-ajax{position:absolute;bottom:-25px;width:130px;font-size:9pt}#form-simplificado .input-group{display:block;width:100%}#form-simplificado div{display:inline-block;margin-bottom:5px}#form-simplificado input{display:inline-block;width:91%;margin:0;padding:3px 10px}#form-simplificado select{display:inline-block;width:100%;margin:0;padding:3px 10px;height:33px}#form-simplificado .input-group #input-cpf{width:28%;margin-right:12px}#form-simplificado .input-group #input-nome{width:100%}#form-simplificado .input-group #input-email{width:100%}#form-simplificado .input-group #input-tel-residencial{width:45%;margin-right:12px}#form-simplificado .input-group #input-tel-comercial{width:29%;margin-right:12px}#form-simplificado .input-group #input-tel-celular{width:46%}#form-simplificado .input-group #input-crea-cau{width:46.5%;margin-right:12px}#form-simplificado .input-group #input-crea-cau-uf{width:20%;margin-right:12px}#form-simplificado .input-group #input-crea-cau-tipo{width:20%;margin-right:12px}#form-simplificado .input-group #input-crea-cau-status{width:29%}#form-simplificado .input-group #input-crea-cau-status input{position:relative;bottom:-8px;width:20px;margin-right:5px}#form-simplificado .input-group #input-profissao-categoria{width:30%;margin-right:12px}#form-simplificado .input-group #input-profissao-categoria-outras{width:30%}#form-simplificado .input-group #input-empresa{width:46%;margin-right:12px}#form-simplificado .input-group #input-profissao{width:47%}#form-simplificado .input-group #input-cep{width:28%}#form-simplificado .input-group #input-rua{width:46%;margin-right:0}#form-simplificado .input-group #input-numero{width:20%;margin-right:20px}#form-simplificado .input-group #input-complemento{width:20%}#form-simplificado .input-group #input-bairro{width:35%}#form-simplificado .input-group #input-cidade{width:35%}#form-simplificado .input-group #input-uf{width:19%}#form-simplificado .input-group #input-associado{width:29%;margin-right:12px}#form-simplificado .input-group #input-ibape{width:63%;margin-right:12px}#form-simplificado .input-group #input-ibape-2{width:29%;margin-right:12px}#form-simplificado .input-group #input-numero-associado{width:29%}#form-simplificado .input-group #input-associado input{position:relative;bottom:-8px;width:20px;margin-right:5px}#form-simplificado .input-group #input-estudante{width:29%;margin-right:12px}#form-simplificado .input-group #input-estudante input{position:relative;bottom:-8px;width:20px;margin-right:5px}#form-simplificado .input-group #input-curso{width:65%;margin-right:12px}#form-simplificado .input-group #input-aceite{width:97%;margin-right:8px;font-size:12px;font-weight:400}#form-simplificado .input-group #input-aceite input{position:relative;bottom:-8px;width:15px;margin-right:5px}#form-simplificado .input-group #input-aceite .wpcf7-list-item-label{display:none}#form-simplificado .input-group #input-submit{width:30%;text-align:right}#form-simplificado .btnenviar{cursor:pointer;width:150px;height:50px;background:#dec855;border:0;color:#275289;font-size:14px;font-weight:700;padding:7px 15px;display:inline-block}#form-simplificado .btnenviar:hover{background:#27428e;color:#fff}\n\n #form-simplificado input[type=text], #form-simplificado select {\n display: block;\n width: 97%;\n margin: 0;\n padding: 3px 10px; \n }\n #form-simplificado select{\n width: 100%; \n }\n #form-simplificado .input-group #input-email{\n display: inline-block;\n width: 67%;\n margin: 0;\n }\n #form-simplificado #input-identificacao {\n display: inline-block;\n width: 47%;\n margin: 0;\n }\n #form-simplificado #input-tel-celular{\n display: inline-block;\n width: 47%;\n margin: 0;\n margin-left: 2%;\n }\n #form-simplificado #input-profissao-categoria{\n display: inline-block;\n width: 47%;\n margin: 0;\n }\n #form-simplificado #input-profissao-categoria-outras{\n display: inline-block;\n width: 47%;\n margin: 0;\n margin-left: 2%;\n }\n #form-simplificado .input-group #input-profissao{\n width: 97%;\n }\n #form-simplificado .input-group #input-cidade{\n display: inline-block;\n width: 47%;\n margin: 0;\n }\n #form-simplificado .input-group #input-pais{\n display: inline-block;\n width: 47%;\n margin: 0;\n margin-left: 2%;\n }\n .input-group #input-submit {\n width: 97%;\n text-align: right;\n }\n .btnenviar {\n cursor: pointer;\n width: 150px;\n height: 50px;\n background: #dec855;\n border: 0;\n color: #275289;\n font-size: 14px;\n font-weight: 700;\n padding: 7px 15px;\n display: inline-block;\n }\n<\/style><div class=\"wpcf7-response-output\" aria-hidden=\"true\"><\/div>\n<\/form>\n<\/div>\n\n","protected":false},"excerpt":{"rendered":"","protected":false},"author":293,"featured_media":0,"parent":0,"menu_order":0,"comment_status":"closed","ping_status":"closed","template":"","meta":{"_joinchat":[],"footnotes":""},"class_list":["post-11795","page","type-page","status-publish","hentry"],"acf":[],"_links":{"self":[{"href":"https:\/\/ibape-nacional.com.br\/site\/wp-json\/wp\/v2\/pages\/11795","targetHints":{"allow":["GET"]}}],"collection":[{"href":"https:\/\/ibape-nacional.com.br\/site\/wp-json\/wp\/v2\/pages"}],"about":[{"href":"https:\/\/ibape-nacional.com.br\/site\/wp-json\/wp\/v2\/types\/page"}],"author":[{"embeddable":true,"href":"https:\/\/ibape-nacional.com.br\/site\/wp-json\/wp\/v2\/users\/293"}],"replies":[{"embeddable":true,"href":"https:\/\/ibape-nacional.com.br\/site\/wp-json\/wp\/v2\/comments?post=11795"}],"version-history":[{"count":4,"href":"https:\/\/ibape-nacional.com.br\/site\/wp-json\/wp\/v2\/pages\/11795\/revisions"}],"predecessor-version":[{"id":16953,"href":"https:\/\/ibape-nacional.com.br\/site\/wp-json\/wp\/v2\/pages\/11795\/revisions\/16953"}],"wp:attachment":[{"href":"https:\/\/ibape-nacional.com.br\/site\/wp-json\/wp\/v2\/media?parent=11795"}],"curies":[{"name":"wp","href":"https:\/\/api.w.org\/{rel}","templated":true}]}}