{"id":3417,"date":"2015-03-24T10:08:16","date_gmt":"2015-03-24T13:08:16","guid":{"rendered":"http:\/\/ibape-nacional.com.br\/site\/?page_id=3417"},"modified":"2015-03-25T10:08:13","modified_gmt":"2015-03-25T13:08:13","slug":"normas","status":"publish","type":"page","link":"https:\/\/ibape-nacional.com.br\/site\/normas\/","title":{"rendered":"Normas"},"content":{"rendered":"<p>Acesse as Normas do IBAPE:<\/p>\n<p><a href=\"http:\/\/ibape-nacional.com.br\/site\/wp-content\/uploads\/2015\/03\/Norma-T\u00e9cnica-Para-Avalia\u00e7\u00e3o-do-Desequil\u00edbrio-Econ\u00f4mico-Financeiro-de-Contratos-de-Obras-de-Engenharia.pdf\" target=\"_blank\">Norma T\u00e9cnica Para Avalia\u00e7\u00e3o do Desequil\u00edbrio Econ\u00f4mico-Financeiro de Contratos de Obras de Engenharia<\/a><\/p>\n<p>&nbsp;<\/p>\n<p>Uma nova janela ser\u00e1 aberta.Para a visualiza\u00e7\u00e3o do arquivo (PDF) ser\u00e1 necess\u00e1rio o uso do \u201cFoxit Reader\u201d, um leitor mais leve e r\u00e1pido que o Adobe Reader.<br \/>\nCaso n\u00e3o tenha instalado copie gratuitamente\u00a0<a href=\"http:\/\/www.baixaki.com.br\/site\/dwnld37745.htm\" target=\"_blank\">clicando aqu\u00ed<\/a>.<\/p>\n<p align=\"left\">Caso queira salvar o estatuto no disco r\u00edgido, clique com o bot\u00e3o direito sobre o link e depois selecione a op\u00e7\u00e3o \u201cSalvar Destino Como&#8230;\u201d.<\/p>\n","protected":false},"excerpt":{"rendered":"<p>Acesse as Normas do IBAPE: Norma T\u00e9cnica Para Avalia\u00e7\u00e3o do Desequil\u00edbrio Econ\u00f4mico-Financeiro de Contratos de Obras de Engenharia &nbsp; Uma nova janela ser\u00e1 aberta.Para a visualiza\u00e7\u00e3o do arquivo (PDF) ser\u00e1 necess\u00e1rio o uso do \u201cFoxit Reader\u201d, um leitor mais leve e r\u00e1pido que o Adobe Reader. Caso n\u00e3o tenha instalado copie gratuitamente\u00a0clicando aqu\u00ed. Caso queira [&hellip;]<\/p>\n","protected":false},"author":293,"featured_media":0,"parent":0,"menu_order":0,"comment_status":"closed","ping_status":"open","template":"page-institucional.php","meta":{"_joinchat":[],"footnotes":""},"class_list":["post-3417","page","type-page","status-publish","hentry"],"acf":[],"_links":{"self":[{"href":"https:\/\/ibape-nacional.com.br\/site\/wp-json\/wp\/v2\/pages\/3417","targetHints":{"allow":["GET"]}}],"collection":[{"href":"https:\/\/ibape-nacional.com.br\/site\/wp-json\/wp\/v2\/pages"}],"about":[{"href":"https:\/\/ibape-nacional.com.br\/site\/wp-json\/wp\/v2\/types\/page"}],"author":[{"embeddable":true,"href":"https:\/\/ibape-nacional.com.br\/site\/wp-json\/wp\/v2\/users\/293"}],"replies":[{"embeddable":true,"href":"https:\/\/ibape-nacional.com.br\/site\/wp-json\/wp\/v2\/comments?post=3417"}],"version-history":[{"count":0,"href":"https:\/\/ibape-nacional.com.br\/site\/wp-json\/wp\/v2\/pages\/3417\/revisions"}],"wp:attachment":[{"href":"https:\/\/ibape-nacional.com.br\/site\/wp-json\/wp\/v2\/media?parent=3417"}],"curies":[{"name":"wp","href":"https:\/\/api.w.org\/{rel}","templated":true}]}}