{"id":3677,"date":"2015-03-25T10:43:04","date_gmt":"2015-03-25T13:43:04","guid":{"rendered":"http:\/\/ibape-nacional.com.br\/site\/?page_id=3677"},"modified":"2016-11-29T12:03:05","modified_gmt":"2016-11-29T14:03:05","slug":"boletins-tecnicos","status":"publish","type":"page","link":"https:\/\/ibape-nacional.com.br\/site\/boletins-tecnicos\/","title":{"rendered":"Boletins T\u00e9cnicos"},"content":{"rendered":"<p><a href=\"https:\/\/ibape-nacional.com.br\/site\/wp-content\/uploads\/2015\/03\/BTEC.jpg\"><img loading=\"lazy\" decoding=\"async\" class=\" size-full wp-image-5940 alignleft\" src=\"https:\/\/ibape-nacional.com.br\/site\/wp-content\/uploads\/2015\/03\/BTEC.jpg\" alt=\"btec\" width=\"792\" height=\"204\" srcset=\"https:\/\/ibape-nacional.com.br\/site\/wp-content\/uploads\/2015\/03\/BTEC.jpg 792w, https:\/\/ibape-nacional.com.br\/site\/wp-content\/uploads\/2015\/03\/BTEC-300x77.jpg 300w\" sizes=\"auto, (max-width: 792px) 100vw, 792px\" \/><\/a><\/p>\n<p>O IBAPE &#8211; Instituto Brasileiro de Avalia\u00e7\u00f5es e Per\u00edcias de Engenharia, Entidade Federativa Nacional, institui\u00e7\u00e3o sem fins lucrativos, congrega entidades atuantes nas \u00e1reas de Engenharia de Avalia\u00e7\u00f5es e Per\u00edcias de Engenharia em diversas Unidades da Federa\u00e7\u00e3o. Dentre seus objetivos destacam-se a\u00e7\u00f5es visando o aprimoramento, divulga\u00e7\u00e3o e transmiss\u00e3o do conhecimento t\u00e9cnico.<\/p>\n<p>\u00c9 filiado \u00e0s mais importantes entidades internacionais dedicadas ao segmento de avalia\u00e7\u00f5es: UPAV &#8211; Uni\u00e3o Pan-americana de Associa\u00e7\u00f5es 1 de Avalia\u00e7\u00e3o e o IVSC2 Conselho Internacional de Normas de Avalia\u00e7\u00e3o, organismos voltados para a difus\u00e3o do conhecimento t\u00e9cnico e normaliza\u00e7\u00e3o nos \u00e2mbitos continental e global.<\/p>\n<p>Os BTec &#8211; Boletins T\u00e9cnicos t\u00eam por finalidade apresentar temas de alta relev\u00e2ncia para as Avalia\u00e7\u00f5es e Per\u00edcias de Engenharia, sempre elaborados por autores que s\u00e3o refer\u00eancias nos assuntos.<\/p>\n<p>Os boletins representam por tanto a vis\u00e3o dos autores sobre o assunto, n\u00e3o se constituindo como um Estudo ou uma norma do IBAPE.<\/p>\n<p><a href=\"https:\/\/ibape-nacional.com.br\/site\/wp-content\/uploads\/2015\/03\/BTec-2016-006-VF.pdf\" target=\"_blank\">BTec-2016-06- Abordagem: Aplicabilidades do Comit\u00ea de Resolu\u00e7\u00e3o de Disputas CRD em Obras de M\u00e9dio e Grande Porte<\/a>.<\/p>\n<p><a href=\"https:\/\/ibape-nacional.com.br\/site\/wp-content\/uploads\/2016\/07\/BTec-2016-005.pdf\" target=\"_blank\">BTec-2016-05- Abordagem:\u00a0Valor de Liquida\u00e7\u00e3o For\u00e7ada em Cen\u00e1rios Recessivos<\/a>.<\/p>\n<p><a href=\"http:\/\/ibape-nacional.com.br\/site\/wp-content\/uploads\/2015\/03\/BTec-2015-004.pdf\" target=\"_blank\">BTec &#8211; 2015-04- Abordagem: Altera\u00e7\u00f5es na Prova Pericial com o Novo CPC<\/a>.<\/p>\n<p><a href=\"http:\/\/ibape-nacional.com.br\/site\/wp-content\/uploads\/2015\/03\/BTec-2015-03-Abordagem-Procedimentos-em-Desapropria\u00e7\u00f5es.pdf\" target=\"_blank\">BTec &#8211; 2015-03- Abordagem: Procedimentos em Desapropria\u00e7\u00f5es<\/a>.<\/p>\n<p><a href=\"http:\/\/ibape-nacional.com.br\/site\/wp-content\/uploads\/2015\/03\/BTec-2015-02-Abordagem-Procedimentos-T\u00e9cnicos-de-Entrega-e-Recebimento-de-Obras.pdf\" target=\"_blank\">BTec &#8211; 2015-02 &#8211; Abordagem: Procedimentos T\u00e9cnicos de Entrega e Recebimento de Obras<\/a>.<\/p>\n<p><a href=\"http:\/\/ibape-nacional.com.br\/site\/wp-content\/uploads\/2015\/03\/BTec-2014-01-Abordagem-A-Estimativa-da-Taxa-de-Desconto.pdf\" target=\"_blank\">BTec &#8211; 2014-01 &#8211; Abordagem: A Estimativa da Taxa de Desconto<\/a>.<\/p>\n<p>&nbsp;<\/p>\n<p>&nbsp;<\/p>\n<p>&nbsp;<\/p>\n","protected":false},"excerpt":{"rendered":"<p>O IBAPE &#8211; Instituto Brasileiro de Avalia\u00e7\u00f5es e Per\u00edcias de Engenharia, Entidade Federativa Nacional, institui\u00e7\u00e3o sem fins lucrativos, congrega entidades atuantes nas \u00e1reas de Engenharia de Avalia\u00e7\u00f5es e Per\u00edcias de Engenharia em diversas Unidades da Federa\u00e7\u00e3o. Dentre seus objetivos destacam-se a\u00e7\u00f5es visando o aprimoramento, divulga\u00e7\u00e3o e transmiss\u00e3o do conhecimento t\u00e9cnico. \u00c9 filiado \u00e0s mais importantes [&hellip;]<\/p>\n","protected":false},"author":293,"featured_media":0,"parent":0,"menu_order":0,"comment_status":"open","ping_status":"open","template":"","meta":{"_joinchat":[],"footnotes":""},"class_list":["post-3677","page","type-page","status-publish","hentry"],"acf":[],"_links":{"self":[{"href":"https:\/\/ibape-nacional.com.br\/site\/wp-json\/wp\/v2\/pages\/3677","targetHints":{"allow":["GET"]}}],"collection":[{"href":"https:\/\/ibape-nacional.com.br\/site\/wp-json\/wp\/v2\/pages"}],"about":[{"href":"https:\/\/ibape-nacional.com.br\/site\/wp-json\/wp\/v2\/types\/page"}],"author":[{"embeddable":true,"href":"https:\/\/ibape-nacional.com.br\/site\/wp-json\/wp\/v2\/users\/293"}],"replies":[{"embeddable":true,"href":"https:\/\/ibape-nacional.com.br\/site\/wp-json\/wp\/v2\/comments?post=3677"}],"version-history":[{"count":0,"href":"https:\/\/ibape-nacional.com.br\/site\/wp-json\/wp\/v2\/pages\/3677\/revisions"}],"wp:attachment":[{"href":"https:\/\/ibape-nacional.com.br\/site\/wp-json\/wp\/v2\/media?parent=3677"}],"curies":[{"name":"wp","href":"https:\/\/api.w.org\/{rel}","templated":true}]}}