{"id":5446,"date":"2016-07-20T15:39:33","date_gmt":"2016-07-20T18:39:33","guid":{"rendered":"https:\/\/ibape-nacional.com.br\/site\/?page_id=5446"},"modified":"2024-01-05T11:32:28","modified_gmt":"2024-01-05T14:32:28","slug":"certificados-dos-eventos","status":"publish","type":"page","link":"https:\/\/ibape-nacional.com.br\/site\/certificados-dos-eventos\/","title":{"rendered":"Certificados dos Eventos Anteriores a 2021"},"content":{"rendered":"<div>\n<div><style>\r\n    #form-certificado{\r\n        font-family: \"Open Sans\",sans-serif;\r\n        display: block;\r\n        width: 320px;\r\n        padding: 30px;\r\n        margin: 30px auto;\r\n        background: #275289;\r\n        color: #dec855; \r\n        font-size: 17px;\r\n        font-weight: 700;\r\n        text-align: center;       \r\n    }\r\n    #form-certificado label{\r\n        width: 100%;\r\n        display: block;\r\n        margin: 0 0 10px;\r\n        font-size: 17px;\r\n        font-weight: 700;\r\n        color: #dec855;\r\n        text-transform: uppercase;\r\n        display: block;\r\n        text-align: center;\r\n    }\r\n    #form-certificado input{\r\n        width: 100%;\r\n        display: block;\r\n        text-transform: uppercase;\r\n        padding: 4px 7px;\r\n        margin-bottom: 5px;\r\n    }\r\n    #form-certificado #btn-buscar-certificado{        \r\n        background: #dec855;\r\n        width: 200px;\r\n        height: 40px;\r\n        display: block;\r\n        margin: 0 auto;\r\n        margin-top: 15px;\r\n        color: #275289;\r\n        text-transform: uppercase;\r\n        border-color: #dec855;\r\n        font-weight: 700;\r\n    }\r\n<\/style>\r\n<form method=\"post\" id=\"form-certificado\">\r\n    <label for=\"search-cpf\">DIGITE SEU CPF<\/label>\r\n    <input type=\"text\" id=\"input-cpf\" name=\"input-cpf\" class=\"mask-cpf\" placeholder=\"___.___.___-__\" maxlength=\"14\">\r\n    <input type=\"button\" value=\"BUSCAR CERTIFICADOS\" id=\"btn-buscar-certificado\">\r\n<\/form>\r\n<hr>\r\n<div id=\"return-certificados\"><\/div>\r\n<hr>\r\n<script>\r\n    jQuery(document).ready(function($){ \r\n        $('#btn-buscar-certificado').on('click', function(e){\r\n            e.preventDefault();\r\n            $dataCpf = $('#input-cpf').val();\r\n            $('#return-certificados').html('<p>Aguarde... <br>Processando sua solicita\u00e7\u00e3o.<\/p>');\r\n            var data = {\r\n                'action': 'naitech_get_certificados',\r\n                'cpf': $dataCpf\r\n            };\r\n            $.post(frontend_ajax.ajaxurl, data, function(response) {\r\n                $('#return-certificados').html(response);\r\n            });\r\n        });\r\n    });\r\n<\/script><\/div>\n<div><\/div>\n<\/div>\n<h2>2020<\/h2>\n<ul>\n<li><a href=\"#20201009\"><strong>II SEMIN\u00c1RIO ON-LINE IBAPE NACIONAL: AVALIA\u00c7\u00c3O ECON\u00d4MICA DE EMPREENDIMENTOS: TEND\u00caNCIAS EM UM AMBIENTE DE INCERTEZAS<\/strong><\/a><\/li>\n<li><a href=\"#2020EAD\"><strong>I SEMIN\u00c1RIO ON-LINE IBAPE NACIONAL \u2013 INSPE\u00c7\u00c3O PREDIAL &#8211; EAD<\/strong><\/a><\/li>\n<li><a href=\"#20200723\"><strong>I SEMIN\u00c1RIO ON-LINE IBAPE NACIONAL &#8211; INSPE\u00c7\u00c3O PREDIAL<\/strong><\/a><br \/>\nAten\u00e7\u00e3o: Fa\u00e7a uma limpeza no hist\u00f3rico, imagens e ficheiros e cache para atualizar a busca.<\/li>\n<li><a href=\"#202003115\">WORKSHOP PATOLOGIAS DE FACHADAS \u2013 11 DE MAR\u00c7O DE 2020<\/a><\/li>\n<li><a href=\"#202003114\">WORKSHOP NORMA DE DESEMPENHO EM EDIFICA\u00c7\u00d5ES \u2013 ABNT\/NBR 15575 APLICADA \u00c0S PER\u00cdCIAS &#8211; 11 DE MAR\u00c7O DE 2020<\/a><\/li>\n<li><a href=\"#202003111\">WORKSHOP INSPE\u00c7\u00c3O EM ESTRUTURAS EM RISCO \u2013 11 DE MAR\u00c7O DE 2020<\/a><\/li>\n<li><a href=\"#202003113\">III SEMIN\u00c1RIO NACIONAL DE ENGENHARIA DE AVALIA\u00c7\u00d5ES E PER\u00cdCIAS \u2013 12 DE MAR\u00c7O DE 2020<\/a><\/li>\n<li><a href=\"#202003112\">MINICURSO AVAN\u00c7ADO AVALIA\u00c7\u00c3O DE IM\u00d3VEIS URBANOS COM USO DA INFER\u00caNCIA E ESTAT\u00cdSTICA \u2013 13 DE MAR\u00c7O DE 2020<\/a><\/li>\n<\/ul>\n<hr \/>\n<h2>2019<\/h2>\n<ul>\n<li><a href=\"#20190909\">Curso de Per\u00edcias em Contratos de Obras e Arbitragem: Uma nova forma de resolu\u00e7\u00e3o de conflitos na engenharia &#8211; 30 A 31 DE AGOSTO DE 2019<\/a><\/li>\n<li><a href=\"#20190503\">Curso de Desapropria\u00e7\u00f5es e Servid\u00f5es &#8211; 24 A 25 DE ABRIL DE 2019<\/a><\/li>\n<li><a href=\"#20190410\">Semin\u00e1rio Nacional de Inspe\u00e7\u00f5es em Obras de Engenharia &#8211; 03 DE ABRIL DE 2019<\/a><\/li>\n<\/ul>\n<hr \/>\n<h2>2018<\/h2>\n<ul>\n<li><a href=\"#20181112\">Semin\u00e1rio do Nordeste \u2013 Avalia\u00e7\u00e3o em Desapropria\u00e7\u00f5es: Aspectos t\u00e9cnicos e metodol\u00f3gicos para a determina\u00e7\u00e3o do justo valor de indeniza\u00e7\u00e3o<\/a><\/li>\n<li><a href=\"#20181002\">Curso Per\u00edcia Judicial e Elabora\u00e7\u00e3o de Laudos &#8211; Teoria e Pr\u00e1tica &#8211; 02 e 03 de setembro de 2018<\/a><\/li>\n<li><a href=\"#20180919\">Curso Per\u00edcia Judicial e Elabora\u00e7\u00e3o de Laudos &#8211; Teoria e Pr\u00e1tica &#8211; 17 e 18 de setembro de 2018<\/a><\/li>\n<li><a href=\"#ii-seminario-nacional-eap\">II Semin\u00e1rio Nacional de Engenharia de Avalia\u00e7\u00e3o e Per\u00edcias &#8211; 27 de mar\u00e7o de 2018<\/a><\/li>\n<\/ul>\n<hr \/>\n<h2>2017<\/h2>\n<ul>\n<li><a href=\"#seminarionacional03\">III Semin\u00e1rio Nacional de Engenharia de Avalia\u00e7\u00f5es: Repercuss\u00f5es das mudan\u00e7as na Norma T\u00e9cnica de Avalia\u00e7\u00e3o &#8211; 19 de maio de 2017<\/a><\/li>\n<\/ul>\n<hr \/>\n<h2>2016<\/h2>\n<ul>\n<li><a href=\"#seminariosulbrasileiro1612\">I semin\u00e1rio sul brasileiro de avalia\u00e7\u00f5es e per\u00edcias de engenharia. 09 de dezembro 2016<\/a><\/li>\n<li><a href=\"#claims1607\">Curso: Claims (Pleitos) Em Contratos de Engenharia, Arbitragens e Dispute Boards: Um Promissor Campo De Trabalho Para Os Peritos &#8211; 19 e 20 de julho de 2016<\/a><\/li>\n<li><a href=\"#wslic1607\">2\u00ba Workshop \u2013 Levantamento de Ind\u00edcios de Contamina\u00e7\u00e3o em Laudos de Avalia\u00e7\u00e3o de Garantias Banc\u00e1rias \u2013 Resolu\u00e7\u00e3o BACEN e Auto Regula\u00e7\u00e3o FEBRABAN &#8211; 21 de julho de 2016<\/a><\/li>\n<\/ul>\n","protected":false},"excerpt":{"rendered":"<p>2020 II SEMIN\u00c1RIO ON-LINE IBAPE NACIONAL: AVALIA\u00c7\u00c3O ECON\u00d4MICA DE EMPREENDIMENTOS: TEND\u00caNCIAS EM UM AMBIENTE DE INCERTEZAS I SEMIN\u00c1RIO ON-LINE IBAPE NACIONAL \u2013 INSPE\u00c7\u00c3O PREDIAL &#8211; EAD I SEMIN\u00c1RIO ON-LINE IBAPE NACIONAL &#8211; INSPE\u00c7\u00c3O PREDIAL Aten\u00e7\u00e3o: Fa\u00e7a uma limpeza no hist\u00f3rico, imagens e ficheiros e cache para atualizar a busca. WORKSHOP PATOLOGIAS DE FACHADAS \u2013 11 [&hellip;]<\/p>\n","protected":false},"author":293,"featured_media":0,"parent":0,"menu_order":0,"comment_status":"open","ping_status":"open","template":"","meta":{"_joinchat":[],"footnotes":""},"class_list":["post-5446","page","type-page","status-publish","hentry"],"acf":[],"_links":{"self":[{"href":"https:\/\/ibape-nacional.com.br\/site\/wp-json\/wp\/v2\/pages\/5446","targetHints":{"allow":["GET"]}}],"collection":[{"href":"https:\/\/ibape-nacional.com.br\/site\/wp-json\/wp\/v2\/pages"}],"about":[{"href":"https:\/\/ibape-nacional.com.br\/site\/wp-json\/wp\/v2\/types\/page"}],"author":[{"embeddable":true,"href":"https:\/\/ibape-nacional.com.br\/site\/wp-json\/wp\/v2\/users\/293"}],"replies":[{"embeddable":true,"href":"https:\/\/ibape-nacional.com.br\/site\/wp-json\/wp\/v2\/comments?post=5446"}],"version-history":[{"count":2,"href":"https:\/\/ibape-nacional.com.br\/site\/wp-json\/wp\/v2\/pages\/5446\/revisions"}],"predecessor-version":[{"id":16628,"href":"https:\/\/ibape-nacional.com.br\/site\/wp-json\/wp\/v2\/pages\/5446\/revisions\/16628"}],"wp:attachment":[{"href":"https:\/\/ibape-nacional.com.br\/site\/wp-json\/wp\/v2\/media?parent=5446"}],"curies":[{"name":"wp","href":"https:\/\/api.w.org\/{rel}","templated":true}]}}