{"id":7540,"date":"2018-06-28T14:05:28","date_gmt":"2018-06-28T17:05:28","guid":{"rendered":"https:\/\/ibape-nacional.com.br\/site\/?page_id=7540"},"modified":"2023-08-14T16:43:07","modified_gmt":"2023-08-14T19:43:07","slug":"certificacao","status":"publish","type":"page","link":"https:\/\/ibape-nacional.com.br\/site\/certificacao\/","title":{"rendered":"Certifica\u00e7\u00e3o Profissional em Engenharia de Avalia\u00e7\u00f5es"},"content":{"rendered":"<h2 data-fontsize=\"40\" data-lineheight=\"52\"><strong>CERTIFICA\u00c7\u00c3O PROFISSIONAL<\/strong><\/h2>\n<p>A Certifica\u00e7\u00e3o Profissional \u00e9 cada vez mais exigida pelas empresas na Europa e nos EUA. Esta exig\u00eancia \u00e9 para a contrata\u00e7\u00e3o de um profissional ou para especificar a titula\u00e7\u00e3o requerida por uma pessoa para exercer determinada fun\u00e7\u00e3o ou elaborar servi\u00e7o.<\/p>\n<p>Dada a import\u00e2ncia dos setores da vida econ\u00f4mica e social que recorrem \u00e1s Avalia\u00e7\u00f5es e Per\u00edcias de Engenharia, O IBAPE pretende distinguir, na atribui\u00e7\u00e3o deste Certificado, as qualidades profissionais e humanas, pautada nos seguintes pilares:<\/p>\n<p><span style=\"font-size: 24pt;\"><span style=\"font-size: 18pt;\"><span class=\"glyphicon glyphicon-education\" style=\"font-size:inherit;color:inherit;\"><\/span><\/span> <\/span><strong>Forma\u00e7\u00e3o acad\u00eamica e processo;<\/strong><\/p>\n<p><span style=\"font-size: 18pt;\"><span class=\"glyphicon glyphicon-wrench\" style=\"font-size:inherit;color:inherit;\"><\/span><\/span>\u00a0<strong>Compet\u00eancia e experi\u00eancia profissional;<\/strong><\/p>\n<p><span style=\"font-size: 18pt;\"><span class=\"glyphicon glyphicon-cog\" style=\"font-size:inherit;color:inherit;\"><\/span>\u00a0<\/span><strong>Capacidade t\u00e9cnica nas atividades e em outras que lhe sejam correlatas;<\/strong><\/p>\n<p><span style=\"font-size: 18pt;\"><span class=\"glyphicon glyphicon-thumbs-up\" style=\"font-size:inherit;color:inherit;\"><\/span>\u00a0<\/span><strong>Doutrina profissional e conduta \u00e9tica e deontol\u00f3gica.<\/strong><\/p>\n<div>\n<h2><strong>A QUEM SE DESTINA<\/strong><\/h2>\n<p>Aos profissionais registrado no CREA &#8211; Conselho Regional Engenharia e Agronomia e no CAU &#8211; Conselho de Arquitetura e Urbanismo.<\/p>\n<h2><strong>DIFERENCIAL<\/strong><\/h2>\n<p>O Certificado emitido pelo IBAPE, atesta que o candidato demonstrou possuir conhecimentos, forma\u00e7\u00e3o e competente experi\u00eancia profissional especializada e merit\u00f3ria, sendo qualificado para realizar todas as atividades correspondentes ao Certificado de Qualifica\u00e7\u00e3o em Engenharia de Avalia\u00e7\u00f5es.<\/p>\n<h2><strong>CERTIFICAR<\/strong><\/h2>\n<p>\u00c9 demonstrar aprimoramento t\u00e9cnico, comprometimento \u00e9tico e compromisso ambiental e social, al\u00e9m de prote\u00e7\u00e3o dos contratantes e a sociedade.<br \/>\n\u00c9 atestar publicamente, por escrito, que determinada atividade desenvolvida pelo profissional est\u00e1 em conformidade com os requisitos especificados pelos padr\u00f5es estabelecidos, em termos t\u00e9cnicos e sociais.<\/p>\n<h2><strong>CAPACITA\u00c7\u00c3O CONTINUADA<\/strong><\/h2>\n<p>Para manter esta qualidade, o profissional deve renovar a certifica\u00e7\u00e3o a cada tr\u00eas anos. Neste lapso, deve ser comprovada e sua reciclagem e atualiza\u00e7\u00e3o.<\/p>\n<h2><strong>COMO SE CERTIFICAR<\/strong><\/h2>\n<p>O processo de certifica\u00e7\u00e3o \u00e9 realizado em duas etapas: an\u00e1lise processual (a an\u00e1lise curricular, as participa\u00e7\u00f5es em congressos, semin\u00e1rios, cursos, premia\u00e7\u00f5es e an\u00e1lise de trabalhos t\u00e9cnicos) e prova.<\/p>\n<p>A partir disso, o certificando poder\u00e1 se classificar em um dos tr\u00eas n\u00edveis:<\/p>\n<p><strong>\u00b7 N\u00cdVEL AAA<\/strong><br \/>\n<strong>\u00b7 N\u00cdVEL AA<\/strong><br \/>\n<strong>. N\u00cdVEL A<\/strong><\/p>\n<div><span style=\"color: #000000;\">INSTITUTO BRASILEIRO DE AVALIA\u00c7\u00d5ES E PER\u00cdCIAS DE ENGENHARIA<\/span><\/div>\n<\/div>\n<p><span style=\"color: #000000;\"> Entidade Federativa Nacional<\/span><\/p>\n","protected":false},"excerpt":{"rendered":"<p>CERTIFICA\u00c7\u00c3O PROFISSIONAL A Certifica\u00e7\u00e3o Profissional \u00e9 cada vez mais exigida pelas empresas na Europa e nos EUA. Esta exig\u00eancia \u00e9 para a contrata\u00e7\u00e3o de um profissional ou para especificar a titula\u00e7\u00e3o requerida por uma pessoa para exercer determinada fun\u00e7\u00e3o ou elaborar servi\u00e7o. Dada a import\u00e2ncia dos setores da vida econ\u00f4mica e social que recorrem \u00e1s [&hellip;]<\/p>\n","protected":false},"author":293,"featured_media":7552,"parent":0,"menu_order":0,"comment_status":"closed","ping_status":"closed","template":"template-certificacao.php","meta":{"_joinchat":[],"footnotes":""},"class_list":["post-7540","page","type-page","status-publish","has-post-thumbnail","hentry"],"acf":[],"_links":{"self":[{"href":"https:\/\/ibape-nacional.com.br\/site\/wp-json\/wp\/v2\/pages\/7540","targetHints":{"allow":["GET"]}}],"collection":[{"href":"https:\/\/ibape-nacional.com.br\/site\/wp-json\/wp\/v2\/pages"}],"about":[{"href":"https:\/\/ibape-nacional.com.br\/site\/wp-json\/wp\/v2\/types\/page"}],"author":[{"embeddable":true,"href":"https:\/\/ibape-nacional.com.br\/site\/wp-json\/wp\/v2\/users\/293"}],"replies":[{"embeddable":true,"href":"https:\/\/ibape-nacional.com.br\/site\/wp-json\/wp\/v2\/comments?post=7540"}],"version-history":[{"count":3,"href":"https:\/\/ibape-nacional.com.br\/site\/wp-json\/wp\/v2\/pages\/7540\/revisions"}],"predecessor-version":[{"id":16315,"href":"https:\/\/ibape-nacional.com.br\/site\/wp-json\/wp\/v2\/pages\/7540\/revisions\/16315"}],"wp:featuredmedia":[{"embeddable":true,"href":"https:\/\/ibape-nacional.com.br\/site\/wp-json\/wp\/v2\/media\/7552"}],"wp:attachment":[{"href":"https:\/\/ibape-nacional.com.br\/site\/wp-json\/wp\/v2\/media?parent=7540"}],"curies":[{"name":"wp","href":"https:\/\/api.w.org\/{rel}","templated":true}]}}