{"id":7582,"date":"2018-06-29T19:35:55","date_gmt":"2018-06-29T22:35:55","guid":{"rendered":"https:\/\/ibape-nacional.com.br\/site\/?page_id=7582"},"modified":"2025-10-22T14:29:57","modified_gmt":"2025-10-22T17:29:57","slug":"regulamento-regimento","status":"publish","type":"page","link":"https:\/\/ibape-nacional.com.br\/site\/certificacao\/regulamento-regimento\/","title":{"rendered":"Regulamento Certifica\u00e7\u00e3o Profissional"},"content":{"rendered":"<p><span style=\"font-size: 16px;\"><strong>Certifica\u00e7\u00e3o em Engenharia de Avalia\u00e7\u00f5es<\/strong><\/span><\/p>\n<p><span style=\"font-size: 16px;\"><strong>Procedimento para Atribui\u00e7\u00e3o e Manuten\u00e7\u00e3o do Certifica\u00e7\u00e3o de Qualidade Profissional em Engenharia de Avalia\u00e7\u00f5es<\/strong><\/span><\/p>\n<p><span style=\"font-size: 16px;\"><strong><a href=\"https:\/\/ibape-nacional.com.br\/site\/wp-content\/uploads\/2025\/10\/REGULAMENTO-CERTIFICACAO-PROFISSIONAL-2025-2.pdf\" target=\"_blank\" rel=\"noopener\">CLIQUE AQUI E ACESSE O REGULAMENTO CERTIFICA\u00c7\u00c3O PROFISSIONAL 2025<\/a><\/strong><\/span><\/p>\n<p><span style=\"font-size: 16px;\"><a href=\"https:\/\/ibape-nacional.com.br\/site\/wp-content\/uploads\/2022\/11\/CERITIFCACAO-2022-CURRICULO.docx\" target=\"_blank\" rel=\"noopener noreferrer\">Clique aqui<\/a> e acesse o modelo de Curr\u00edculo.<\/span><\/p>\n<p>&nbsp;<\/p>\n<p>&nbsp;<\/p>\n<p>&nbsp;<\/p>\n","protected":false},"excerpt":{"rendered":"<p>Certifica\u00e7\u00e3o em Engenharia de Avalia\u00e7\u00f5es Procedimento para Atribui\u00e7\u00e3o e Manuten\u00e7\u00e3o do Certifica\u00e7\u00e3o de Qualidade Profissional em Engenharia de Avalia\u00e7\u00f5es CLIQUE AQUI E ACESSE O REGULAMENTO CERTIFICA\u00c7\u00c3O PROFISSIONAL 2025 Clique aqui e acesse o modelo de Curr\u00edculo. &nbsp; &nbsp; &nbsp;<\/p>\n","protected":false},"author":293,"featured_media":0,"parent":7540,"menu_order":0,"comment_status":"closed","ping_status":"closed","template":"template-certificacao-texto.php","meta":{"_joinchat":[],"footnotes":""},"class_list":["post-7582","page","type-page","status-publish","hentry"],"acf":[],"_links":{"self":[{"href":"https:\/\/ibape-nacional.com.br\/site\/wp-json\/wp\/v2\/pages\/7582","targetHints":{"allow":["GET"]}}],"collection":[{"href":"https:\/\/ibape-nacional.com.br\/site\/wp-json\/wp\/v2\/pages"}],"about":[{"href":"https:\/\/ibape-nacional.com.br\/site\/wp-json\/wp\/v2\/types\/page"}],"author":[{"embeddable":true,"href":"https:\/\/ibape-nacional.com.br\/site\/wp-json\/wp\/v2\/users\/293"}],"replies":[{"embeddable":true,"href":"https:\/\/ibape-nacional.com.br\/site\/wp-json\/wp\/v2\/comments?post=7582"}],"version-history":[{"count":19,"href":"https:\/\/ibape-nacional.com.br\/site\/wp-json\/wp\/v2\/pages\/7582\/revisions"}],"predecessor-version":[{"id":18443,"href":"https:\/\/ibape-nacional.com.br\/site\/wp-json\/wp\/v2\/pages\/7582\/revisions\/18443"}],"up":[{"embeddable":true,"href":"https:\/\/ibape-nacional.com.br\/site\/wp-json\/wp\/v2\/pages\/7540"}],"wp:attachment":[{"href":"https:\/\/ibape-nacional.com.br\/site\/wp-json\/wp\/v2\/media?parent=7582"}],"curies":[{"name":"wp","href":"https:\/\/api.w.org\/{rel}","templated":true}]}}